{"id":41,"date":"2017-10-09T17:05:39","date_gmt":"2017-10-09T17:05:39","guid":{"rendered":"http:\/\/kinderkulturwerk.de\/?page_id=41"},"modified":"2022-03-02T13:42:52","modified_gmt":"2022-03-02T13:42:52","slug":"workshops","status":"publish","type":"page","link":"https:\/\/kinderkulturwerk.de\/?page_id=41","title":{"rendered":"Workshops"},"content":{"rendered":"<p><span style=\"color: #000000;\"><strong>Mal- und Phantasiewerkstatt im KinderkulturwerK<\/strong><\/span><\/p>\n<ul>\n<li><span style=\"color: #ff0000;\">Momentan findet kein Workshop statt.<\/span><\/li>\n<\/ul>\n<p class=\"p1\"><em>Immer <strong>donnerstags<\/strong><\/em><\/p>\n<ul>\n<li>16.00 &#8211; 17.00 Uhr (4 &#8211; 8 Jahre)<\/li>\n<li>17.15 &#8211; 18.15 Uhr (3 &#8211; 5 Jahre)<\/li>\n<\/ul>\n<div data-contents=\"true\">\n<div class=\"\" data-offset-key=\"406ro-0-0\" data-editor=\"546bm\" data-block=\"true\">\n<div class=\"_1mf _1mj\" data-offset-key=\"aofmt-0-0\">\n<p>Meine Kuh ist bunt! Wohin schwimmt die Aquarellfarbe? Wie f\u00fchlt sich \u00fcberhaupt Ton an? Und warum mag die \u00d6lfarbe kein Wasser?<br \/>\nIn w\u00f6chentlich stattfindenden Kreativ-Kursen entdecken Kinder zwischen 3 und 8 Jahren spielerisch den Umgang mit den unterschiedlichsten Materialien und Werkzeugen.<\/p>\n<p>Die Kursgeb\u00fchr betr\u00e4gt monatlich \u20ac 40,- (immer 3 Termine), inklusive Material.<\/p>\n<p><strong>Anmeldungen<\/strong> bitte telefonisch bei Mia Kaiser:<br \/>\n089 \u2013 622 320 53<br \/>\n0177 \u2013 834 06 07<br \/>\noder per Mail an: post@kinderkulturwerk.de<\/p>\n<\/div>\n<\/div>\n<div class=\"\" data-offset-key=\"fmqeh-0-0\" data-editor=\"546bm\" data-block=\"true\">\n<div class=\"_1mf _1mj\" data-offset-key=\"fmqeh-0-0\"><\/div>\n<\/div>\n<\/div>\n","protected":false},"excerpt":{"rendered":"<p>Mal- und Phantasiewerkstatt im KinderkulturwerK Momentan findet kein Workshop statt. Immer donnerstags 16.00 &#8211; 17.00 Uhr (4 &#8211; 8 Jahre) 17.15 &#8211; 18.15 Uhr (3 &#8211; 5 Jahre) Meine Kuh ist bunt! Wohin schwimmt die Aquarellfarbe? Wie f\u00fchlt sich \u00fcberhaupt Ton an? Und warum mag die \u00d6lfarbe kein Wasser? In w\u00f6chentlich stattfindenden Kreativ-Kursen entdecken Kinder &hellip; <\/p>\n<p class=\"link-more\"><a href=\"https:\/\/kinderkulturwerk.de\/?page_id=41\" class=\"more-link\"><span class=\"screen-reader-text\">\u201eWorkshops\u201c<\/span> weiterlesen<\/a><\/p>\n","protected":false},"author":1,"featured_media":0,"parent":0,"menu_order":0,"comment_status":"closed","ping_status":"closed","template":"","meta":[],"_links":{"self":[{"href":"https:\/\/kinderkulturwerk.de\/index.php?rest_route=\/wp\/v2\/pages\/41"}],"collection":[{"href":"https:\/\/kinderkulturwerk.de\/index.php?rest_route=\/wp\/v2\/pages"}],"about":[{"href":"https:\/\/kinderkulturwerk.de\/index.php?rest_route=\/wp\/v2\/types\/page"}],"author":[{"embeddable":true,"href":"https:\/\/kinderkulturwerk.de\/index.php?rest_route=\/wp\/v2\/users\/1"}],"replies":[{"embeddable":true,"href":"https:\/\/kinderkulturwerk.de\/index.php?rest_route=%2Fwp%2Fv2%2Fcomments&post=41"}],"version-history":[{"count":41,"href":"https:\/\/kinderkulturwerk.de\/index.php?rest_route=\/wp\/v2\/pages\/41\/revisions"}],"predecessor-version":[{"id":351,"href":"https:\/\/kinderkulturwerk.de\/index.php?rest_route=\/wp\/v2\/pages\/41\/revisions\/351"}],"wp:attachment":[{"href":"https:\/\/kinderkulturwerk.de\/index.php?rest_route=%2Fwp%2Fv2%2Fmedia&parent=41"}],"curies":[{"name":"wp","href":"https:\/\/api.w.org\/{rel}","templated":true}]}}