{"id":375,"date":"2022-03-24T09:53:56","date_gmt":"2022-03-24T09:53:56","guid":{"rendered":"http:\/\/kinderkulturwerk.de\/?page_id=375"},"modified":"2022-03-24T09:55:47","modified_gmt":"2022-03-24T09:55:47","slug":"kooperationen","status":"publish","type":"page","link":"https:\/\/kinderkulturwerk.de\/?page_id=375","title":{"rendered":"Kooperationen"},"content":{"rendered":"\n<p>Das KinderkulturwerK kommt gerne auch zu Ihnen, samt Material und Anleiterin. Wir gestalten gemeinsam einen kreativen Vormittag oder Nachmittag, sei es in der Schule, im Kindergarten oder im Hort. <br><br>Was kreativ m\u00f6glich ist:<\/p>\n\n\n\n<ul><li><strong>Werken mit Ton<\/strong>, nach der Pause kann alles mit Engobe bemalt werden. Brennen m\u00f6glich.<\/li><li><strong>Specksteinschnitzereien<\/strong><\/li><li><strong>Wir erkunden das Material Ton<\/strong>, bauen z. B. kleine  Inseln, versch\u00f6nern diese mit Muscheln, Federn und kleinen Steinen, und  am Ende, nach einer Kuchenpause, kann alles bunt angemalt werden. Die  Werke werden nicht gebrannt, sind damit zwar nicht so lange haltbar,  k\u00f6nnen daf\u00fcr aber gleich mitgenommen werden. <\/li><li><strong>Seifenwerkstatt<\/strong> (selbst gemachte Seifen und Badeperlen) <\/li><li> <strong>Traumf\u00e4nger<\/strong> aus Peddigrohr, verschiedenen Perlen, Muscheln, Federn, \u2026 <\/li><li><strong>Papiersch\u00f6pfen <\/strong>u.a. mit Bl\u00fcten, Konfetti, Glitzerf\u00e4den, \u2026 (max. 8 Kinder)<\/li><li> <strong>Schmuckwerkstatt<\/strong>, wir filzen bunte  Perlen und machen daraus Ketten, Armb\u00e4nder,Schl\u00fcsselanh\u00e4nger, Ohrringe  in Verbindung mit Holz-, Rocaille- und Glasperlen<\/li><\/ul>\n\n\n\n<p><\/p>\n","protected":false},"excerpt":{"rendered":"<p>Das KinderkulturwerK kommt gerne auch zu Ihnen, samt Material und Anleiterin. Wir gestalten gemeinsam einen kreativen Vormittag oder Nachmittag, sei es in der Schule, im Kindergarten oder im Hort. Was kreativ m\u00f6glich ist: Werken mit Ton, nach der Pause kann alles mit Engobe bemalt werden. Brennen m\u00f6glich. Specksteinschnitzereien Wir erkunden das Material Ton, bauen z. &hellip; <\/p>\n<p class=\"link-more\"><a href=\"https:\/\/kinderkulturwerk.de\/?page_id=375\" class=\"more-link\"><span class=\"screen-reader-text\">\u201eKooperationen\u201c<\/span> weiterlesen<\/a><\/p>\n","protected":false},"author":1,"featured_media":0,"parent":0,"menu_order":0,"comment_status":"closed","ping_status":"closed","template":"","meta":[],"_links":{"self":[{"href":"https:\/\/kinderkulturwerk.de\/index.php?rest_route=\/wp\/v2\/pages\/375"}],"collection":[{"href":"https:\/\/kinderkulturwerk.de\/index.php?rest_route=\/wp\/v2\/pages"}],"about":[{"href":"https:\/\/kinderkulturwerk.de\/index.php?rest_route=\/wp\/v2\/types\/page"}],"author":[{"embeddable":true,"href":"https:\/\/kinderkulturwerk.de\/index.php?rest_route=\/wp\/v2\/users\/1"}],"replies":[{"embeddable":true,"href":"https:\/\/kinderkulturwerk.de\/index.php?rest_route=%2Fwp%2Fv2%2Fcomments&post=375"}],"version-history":[{"count":2,"href":"https:\/\/kinderkulturwerk.de\/index.php?rest_route=\/wp\/v2\/pages\/375\/revisions"}],"predecessor-version":[{"id":379,"href":"https:\/\/kinderkulturwerk.de\/index.php?rest_route=\/wp\/v2\/pages\/375\/revisions\/379"}],"wp:attachment":[{"href":"https:\/\/kinderkulturwerk.de\/index.php?rest_route=%2Fwp%2Fv2%2Fmedia&parent=375"}],"curies":[{"name":"wp","href":"https:\/\/api.w.org\/{rel}","templated":true}]}}