{"id":25,"date":"2017-09-18T17:13:39","date_gmt":"2017-09-18T17:13:39","guid":{"rendered":"http:\/\/kinderkulturwerk.de\/?page_id=25"},"modified":"2022-03-24T09:33:50","modified_gmt":"2022-03-24T09:33:50","slug":"kinderkulturwerk","status":"publish","type":"page","link":"https:\/\/kinderkulturwerk.de\/","title":{"rendered":"KinderkulturwerK"},"content":{"rendered":"<p>\u00a0<\/p>\n<ul>\n<li>Kreative Kindergeburtstage<\/li>\n<li>Kooperationen mit Kinderg\u00e4rten und Mittagsbetreuungen<\/li>\n<li>Kunstkurse f\u00fcr Kinder zwischen 3 und 8 Jahren<\/li>\n<li>Ferienprogramm (4 &#8211; 12 Jahre) mit wechselnden kreativen Themen wie z.B. T\u00f6pfern, Specksteinschnitzereien, Filzen, Papiersch\u00f6pfen, Seifenherstellung, etc. (Mit Ferienpasserm\u00e4\u00dfigung)<\/li>\n<\/ul>\n\n\n<p><\/p>\n","protected":false},"excerpt":{"rendered":"<p>\u00a0 Kreative Kindergeburtstage Kooperationen mit Kinderg\u00e4rten und Mittagsbetreuungen Kunstkurse f\u00fcr Kinder zwischen 3 und 8 Jahren Ferienprogramm (4 &#8211; 12 Jahre) mit wechselnden kreativen Themen wie z.B. T\u00f6pfern, Specksteinschnitzereien, Filzen, Papiersch\u00f6pfen, Seifenherstellung, etc. (Mit Ferienpasserm\u00e4\u00dfigung)<\/p>\n","protected":false},"author":1,"featured_media":0,"parent":0,"menu_order":0,"comment_status":"closed","ping_status":"closed","template":"","meta":[],"_links":{"self":[{"href":"https:\/\/kinderkulturwerk.de\/index.php?rest_route=\/wp\/v2\/pages\/25"}],"collection":[{"href":"https:\/\/kinderkulturwerk.de\/index.php?rest_route=\/wp\/v2\/pages"}],"about":[{"href":"https:\/\/kinderkulturwerk.de\/index.php?rest_route=\/wp\/v2\/types\/page"}],"author":[{"embeddable":true,"href":"https:\/\/kinderkulturwerk.de\/index.php?rest_route=\/wp\/v2\/users\/1"}],"replies":[{"embeddable":true,"href":"https:\/\/kinderkulturwerk.de\/index.php?rest_route=%2Fwp%2Fv2%2Fcomments&post=25"}],"version-history":[{"count":20,"href":"https:\/\/kinderkulturwerk.de\/index.php?rest_route=\/wp\/v2\/pages\/25\/revisions"}],"predecessor-version":[{"id":374,"href":"https:\/\/kinderkulturwerk.de\/index.php?rest_route=\/wp\/v2\/pages\/25\/revisions\/374"}],"wp:attachment":[{"href":"https:\/\/kinderkulturwerk.de\/index.php?rest_route=%2Fwp%2Fv2%2Fmedia&parent=25"}],"curies":[{"name":"wp","href":"https:\/\/api.w.org\/{rel}","templated":true}]}}