{"id":73,"date":"2017-10-17T10:16:08","date_gmt":"2017-10-17T10:16:08","guid":{"rendered":"http:\/\/kinderkulturwerk.de\/?page_id=73"},"modified":"2021-03-14T11:44:57","modified_gmt":"2021-03-14T11:44:57","slug":"team","status":"publish","type":"page","link":"http:\/\/kinderkulturwerk.de\/?page_id=73","title":{"rendered":"Team"},"content":{"rendered":"<p style=\"text-align: center;\"><span style=\"color: #3366ff;\"><strong>KinderkulturwerK<\/strong><\/span><\/p>\n<p><strong>Mia Kaiser<\/strong> \u2013 Kunstp\u00e4dagogin und Kinderg\u00e4rtnerin \u2013 leitet seit 1996 verschiedene Projekte und Workshops im k\u00fcnstlerischen Bereich f\u00fcr Kinder und Jugendliche. Mitbegr\u00fcnderin 2006 (- 2017) der Haidhauser Kinderwerkstatt Eigenwerk &amp; Unsinn.<\/p>\n<p>2017 Neugr\u00fcndung der Kinderwerkstatt &#8222;Kinderkulturwerk&#8220;.<\/p>\n<p>Kontakt: 0177 &#8211; 834 06 07 &#x2666; post@kinderkulturwerk.de<\/p>\n<p style=\"text-align: center;\"><strong><span style=\"color: #3366ff;\">Angebote:<\/span><\/strong><\/p>\n<p>Meine Kuh ist bunt! Wohin schwimmt die Aquarellfarbe? Wie f\u00fchlt sich \u00fcberhaupt Ton an? Und warum mag die \u00d6lfarbe kein Wasser?<br \/>\nIn w\u00f6chentlich stattfindenden kreativen Workshops entdecken Kinder zwischen 3 und 12 Jahren spielerisch den Umgang mit den unterschiedlichsten Materialien und Werkzeugen. Gefilzte Phantasiewesen treffen auf wilde und bunte Farbspielereien, aus Seife gestalten die Kinder ein Meer voller Fische und Druckwerkzeuge schnitzen sie selbst. Durch das Experimentieren mit den Materialien Farbe, Ton, Filzwolle und vielem mehr k\u00f6nnen die Kinder ihre Phantasiewelten ausleben, mit Freude, Selbstvertrauen und Geduld eigene Kunstwerke erschaffen oder einfach nur Spa\u00df mit den anderen Kindern haben.<\/p>\n<p>&#8211; W\u00f6chentliche Workshops f\u00fcr Kinder zwischen 3 und 8 Jahren<\/p>\n<p>&#8211; Ferienprogramm mit wechselnden kreativen Themen wie z.B. T\u00f6pfern, Specksteinschnitzereien, Filzen, Papiersch\u00f6pfen, Seifenherstellung, etc.<\/p>\n<p>&#8211; Veranstaltung von kreativen Kindergeburtstagen<\/p>\n<p>&#8211; Kooperationen mit Kinderg\u00e4rten, Mittagsbetreuungen und au\u00dferschulischen Bildungseinrichtungen.<\/p>\n","protected":false},"excerpt":{"rendered":"<p>KinderkulturwerK Mia Kaiser \u2013 Kunstp\u00e4dagogin und Kinderg\u00e4rtnerin \u2013 leitet seit 1996 verschiedene Projekte und Workshops im k\u00fcnstlerischen Bereich f\u00fcr Kinder und Jugendliche. Mitbegr\u00fcnderin 2006 (- 2017) der Haidhauser Kinderwerkstatt Eigenwerk &amp; Unsinn. 2017 Neugr\u00fcndung der Kinderwerkstatt &#8222;Kinderkulturwerk&#8220;. Kontakt: 0177 &#8211; 834 06 07 &#x2666; post@kinderkulturwerk.de Angebote: Meine Kuh ist bunt! Wohin schwimmt die Aquarellfarbe? Wie &hellip; <\/p>\n<p class=\"link-more\"><a href=\"http:\/\/kinderkulturwerk.de\/?page_id=73\" class=\"more-link\"><span class=\"screen-reader-text\">\u201eTeam\u201c<\/span> weiterlesen<\/a><\/p>\n","protected":false},"author":1,"featured_media":0,"parent":0,"menu_order":0,"comment_status":"closed","ping_status":"closed","template":"","meta":[],"_links":{"self":[{"href":"http:\/\/kinderkulturwerk.de\/index.php?rest_route=\/wp\/v2\/pages\/73"}],"collection":[{"href":"http:\/\/kinderkulturwerk.de\/index.php?rest_route=\/wp\/v2\/pages"}],"about":[{"href":"http:\/\/kinderkulturwerk.de\/index.php?rest_route=\/wp\/v2\/types\/page"}],"author":[{"embeddable":true,"href":"http:\/\/kinderkulturwerk.de\/index.php?rest_route=\/wp\/v2\/users\/1"}],"replies":[{"embeddable":true,"href":"http:\/\/kinderkulturwerk.de\/index.php?rest_route=%2Fwp%2Fv2%2Fcomments&post=73"}],"version-history":[{"count":8,"href":"http:\/\/kinderkulturwerk.de\/index.php?rest_route=\/wp\/v2\/pages\/73\/revisions"}],"predecessor-version":[{"id":299,"href":"http:\/\/kinderkulturwerk.de\/index.php?rest_route=\/wp\/v2\/pages\/73\/revisions\/299"}],"wp:attachment":[{"href":"http:\/\/kinderkulturwerk.de\/index.php?rest_route=%2Fwp%2Fv2%2Fmedia&parent=73"}],"curies":[{"name":"wp","href":"https:\/\/api.w.org\/{rel}","templated":true}]}}