{"id":29,"date":"2017-10-09T09:11:30","date_gmt":"2017-10-09T09:11:30","guid":{"rendered":"http:\/\/kinderkulturwerk.de\/?page_id=29"},"modified":"2021-10-13T08:04:28","modified_gmt":"2021-10-13T08:04:28","slug":"ferienkurse","status":"publish","type":"page","link":"http:\/\/kinderkulturwerk.de\/?page_id=29","title":{"rendered":"Ferienkurse"},"content":{"rendered":"<p><strong>Workshops in den Ferien<\/strong><strong>:<\/strong><\/p>\n<p><span style=\"color: #ff0000;\"><strong><img decoding=\"async\" loading=\"lazy\" class=\"size-medium wp-image-64 alignleft\" src=\"http:\/\/kinderkulturwerk.de\/wp-content\/uploads\/2017\/10\/seife-200x300.jpeg\" alt=\"\" width=\"200\" height=\"300\" srcset=\"http:\/\/kinderkulturwerk.de\/wp-content\/uploads\/2017\/10\/seife-200x300.jpeg 200w, http:\/\/kinderkulturwerk.de\/wp-content\/uploads\/2017\/10\/seife.jpeg 213w\" sizes=\"(max-width: 200px) 100vw, 200px\" \/>25.05.21; &#8222;Seife, Duft und Badeperlen&#8220;<\/strong><\/span><\/p>\n<p><strong>17.15 &#8211; 18.45 Uhr (4 &#8211; 12 Jahre)<\/strong><\/p>\n<p>Bunte Fische, tr\u00e4umende Elfen oder gr\u00fcne Seepferdchen: Aus Glycerinseife, Duft\u00f6l und -farbe sowie verschiedenen Gie\u00dfformen kreiert ihr eure individuelle Seifen.<\/p>\n<p>Kosten: \u20ac 15,- (mit Ferienpass \u20ac 13,-), plus Materialgeld (\u20ac 3,-)<\/p>\n<p><span style=\"color: #ff0000;\"><strong><img decoding=\"async\" loading=\"lazy\" class=\" wp-image-31 alignleft\" src=\"http:\/\/kinderkulturwerk.de\/wp-content\/uploads\/2017\/10\/drachen-1-300x225.jpg\" alt=\"\" width=\"201\" height=\"150\" srcset=\"http:\/\/kinderkulturwerk.de\/wp-content\/uploads\/2017\/10\/drachen-1-300x225.jpg 300w, http:\/\/kinderkulturwerk.de\/wp-content\/uploads\/2017\/10\/drachen-1-768x576.jpg 768w, http:\/\/kinderkulturwerk.de\/wp-content\/uploads\/2017\/10\/drachen-1-1024x768.jpg 1024w, http:\/\/kinderkulturwerk.de\/wp-content\/uploads\/2017\/10\/drachen-1.jpg 2048w\" sizes=\"(max-width: 201px) 100vw, 201px\" \/>02.11.21; &#8222;Sturmv\u00f6gel &#8211; Drachenbau aus Tyvek&#8220;<\/strong><\/span><\/p>\n<p><strong>(ausgebucht!)<\/strong><\/p>\n<p><strong>17.15 &#8211; 18.45 Uhr (4 &#8211; 12 Jahre)<\/strong><\/p>\n<p>Ein wendiger Sturmvogel, klein und leicht zu bauen. Fliegende Fische und freche Flugdrachen wirbeln im Wind. Aus Segelmaterial gestaltet ihr eure eigenen Herbstv\u00f6gel und f\u00e4rbt den Himmel bunt.<\/p>\n<p>Kosten: \u20ac 15,- (mit Ferienpass \u20ac 13,-), plus Materialgeld (\u20ac 5,-)<\/p>\n<p><strong>Anmeldung:\u00a0<\/strong><br \/>\nTel:\u00a00177 \u2013 834 06 07<br \/>\nEmail: post@kinderkulturwerk.de<\/p>\n<p class=\"p1\"><strong>Veranstaltungsort:<\/strong><\/p>\n<p class=\"p1\">KinderkulturwerK:<br \/>\nin Koop. mit &#8222;Boxt euch durch M\u00fcnchen gUG&#8220;<br \/>\nLeopoldstr. 7, 80802 M\u00fcnchen<\/p>\n<p class=\"p1\">\n","protected":false},"excerpt":{"rendered":"<p>Workshops in den Ferien: 25.05.21; &#8222;Seife, Duft und Badeperlen&#8220; 17.15 &#8211; 18.45 Uhr (4 &#8211; 12 Jahre) Bunte Fische, tr\u00e4umende Elfen oder gr\u00fcne Seepferdchen: Aus Glycerinseife, Duft\u00f6l und -farbe sowie verschiedenen Gie\u00dfformen kreiert ihr eure individuelle Seifen. Kosten: \u20ac 15,- (mit Ferienpass \u20ac 13,-), plus Materialgeld (\u20ac 3,-) 02.11.21; &#8222;Sturmv\u00f6gel &#8211; Drachenbau aus Tyvek&#8220; (ausgebucht!) &hellip; <\/p>\n<p class=\"link-more\"><a href=\"http:\/\/kinderkulturwerk.de\/?page_id=29\" class=\"more-link\"><span class=\"screen-reader-text\">\u201eFerienkurse\u201c<\/span> weiterlesen<\/a><\/p>\n","protected":false},"author":1,"featured_media":0,"parent":25,"menu_order":1,"comment_status":"closed","ping_status":"closed","template":"","meta":[],"_links":{"self":[{"href":"http:\/\/kinderkulturwerk.de\/index.php?rest_route=\/wp\/v2\/pages\/29"}],"collection":[{"href":"http:\/\/kinderkulturwerk.de\/index.php?rest_route=\/wp\/v2\/pages"}],"about":[{"href":"http:\/\/kinderkulturwerk.de\/index.php?rest_route=\/wp\/v2\/types\/page"}],"author":[{"embeddable":true,"href":"http:\/\/kinderkulturwerk.de\/index.php?rest_route=\/wp\/v2\/users\/1"}],"replies":[{"embeddable":true,"href":"http:\/\/kinderkulturwerk.de\/index.php?rest_route=%2Fwp%2Fv2%2Fcomments&post=29"}],"version-history":[{"count":35,"href":"http:\/\/kinderkulturwerk.de\/index.php?rest_route=\/wp\/v2\/pages\/29\/revisions"}],"predecessor-version":[{"id":336,"href":"http:\/\/kinderkulturwerk.de\/index.php?rest_route=\/wp\/v2\/pages\/29\/revisions\/336"}],"up":[{"embeddable":true,"href":"http:\/\/kinderkulturwerk.de\/index.php?rest_route=\/wp\/v2\/pages\/25"}],"wp:attachment":[{"href":"http:\/\/kinderkulturwerk.de\/index.php?rest_route=%2Fwp%2Fv2%2Fmedia&parent=29"}],"curies":[{"name":"wp","href":"https:\/\/api.w.org\/{rel}","templated":true}]}}